{"id":7811,"date":"2023-01-16T15:12:06","date_gmt":"2023-01-16T15:12:06","guid":{"rendered":"https:\/\/laboratoriobiomimetico.com\/?page_id=7811"},"modified":"2026-01-28T10:28:21","modified_gmt":"2026-01-28T10:28:21","slug":"aviso-legal","status":"publish","type":"page","link":"https:\/\/laboratoriobiomimetico.com\/en\/aviso-legal\/","title":{"rendered":"Legal Notice"},"content":{"rendered":"<div id=\"fws_69d38270f3116\"  data-column-margin=\"default\" data-midnight=\"dark\"  class=\"wpb_row vc_row-fluid vc_row\"  style=\"padding-top: 0px; padding-bottom: 0px; \"><div class=\"row-bg-wrap\" data-bg-animation=\"none\" data-bg-overlay=\"false\"><div class=\"inner-wrap\"><div class=\"row-bg\"  style=\"\"><\/div><\/div><\/div><div class=\"row_col_wrap_12 col span_12 dark left\">\n\t<div  class=\"vc_col-sm-12 wpb_column column_container vc_column_container col padding-10-percent inherit_tablet inherit_phone\"  data-padding-pos=\"all\" data-has-bg-color=\"false\" data-bg-color=\"\" data-bg-opacity=\"1\" data-animation=\"\" data-delay=\"0\" >\n\t\t<div class=\"vc_column-inner\" >\n\t\t\t<div class=\"wpb_wrapper\">\n\t\t\t\t\r\n<div class=\"wpb_text_column wpb_content_element\" >\r\n\t<div class=\"wpb_wrapper\">\r\n\t\t<h2 class=\"wp-block-heading\">Legal Notice<\/h2>\n<p><strong>Datos identificativos<\/strong><\/p>\n<p>Nuestra web www.laboratoriobiomimetico.com comercializa servicios de formaci\u00f3n, investigaci\u00f3n y asesoramiento especializado en materia biomim\u00e9tica. Marl\u00e9n L\u00f3pez Fern\u00e1ndez\u00a0 con NIF: 53536779R, es responsable del tratamiento de los datos de car\u00e1cter personal de sus usuarios y clientes, as\u00ed como de los datos que puedan ser recabados a trav\u00e9s del sitio web \u201cLaboratorio Biomim\u00e9tico\u201d, tiene su domicilio en Ladines 78, 33993 Sobrescobio Asturias.<\/p>\n\t<\/div>\r\n<\/div>\r\n\r\n\r\n\r\n<div class=\"divider-wrap\" data-alignment=\"default\"><div style=\"height: 10px;\" class=\"divider\"><\/div><\/div>\n\t\t\t<\/div> \n\t\t<\/div>\n\t<\/div> \n<\/div><\/div>","protected":false},"excerpt":{"rendered":"Aviso Legal Datos identificativos Nuestra web www.laboratoriobiomimetico.com comercializa servicios de formaci\u00f3n, investigaci\u00f3n y asesoramiento especializado en materia biomim\u00e9tica. Marl\u00e9n L\u00f3pez Fern\u00e1ndez\u00a0 con NIF: 53536779R, es responsable del tratamiento de los datos de car\u00e1cter personal de sus usuarios y clientes, as\u00ed...","protected":false},"author":2,"featured_media":0,"parent":0,"menu_order":6,"comment_status":"closed","ping_status":"closed","template":"","meta":{"footnotes":""},"yoast_head":"<!-- This site is optimized with the Yoast SEO plugin v18.8 - https:\/\/yoast.com\/wordpress\/plugins\/seo\/ -->\n<title>Aviso Legal - Laboratorio Biomim\u00e9tico<\/title>\n<meta name=\"robots\" content=\"index, follow, max-snippet:-1, max-image-preview:large, max-video-preview:-1\" \/>\n<link rel=\"canonical\" href=\"https:\/\/laboratoriobiomimetico.com\/en\/aviso-legal\/\" \/>\n<meta property=\"og:locale\" content=\"en_GB\" \/>\n<meta property=\"og:type\" content=\"article\" \/>\n<meta property=\"og:title\" content=\"Aviso Legal - Laboratorio Biomim\u00e9tico\" \/>\n<meta property=\"og:url\" content=\"https:\/\/laboratoriobiomimetico.com\/en\/aviso-legal\/\" \/>\n<meta property=\"og:site_name\" content=\"Laboratorio Biomim\u00e9tico\" \/>\n<meta property=\"article:modified_time\" content=\"2026-01-28T10:28:21+00:00\" \/>\n<meta name=\"twitter:card\" content=\"summary_large_image\" \/>\n<meta name=\"twitter:label1\" content=\"Estimated reading time\" \/>\n\t<meta name=\"twitter:data1\" content=\"1 minute\" \/>\n<script type=\"application\/ld+json\" class=\"yoast-schema-graph\">{\"@context\":\"https:\/\/schema.org\",\"@graph\":[{\"@type\":\"WebSite\",\"@id\":\"https:\/\/laboratoriobiomimetico.com\/#website\",\"url\":\"https:\/\/laboratoriobiomimetico.com\/\",\"name\":\"Laboratorio Biomim\u00e9tico\",\"description\":\"Innovaci\u00f3n inspirada por la Naturaleza. Formaci\u00f3n, consultor\u00eda y desarrollo de proyectos bioinspirados.\",\"potentialAction\":[{\"@type\":\"SearchAction\",\"target\":{\"@type\":\"EntryPoint\",\"urlTemplate\":\"https:\/\/laboratoriobiomimetico.com\/?s={search_term_string}\"},\"query-input\":\"required name=search_term_string\"}],\"inLanguage\":\"en-GB\"},{\"@type\":\"WebPage\",\"@id\":\"https:\/\/laboratoriobiomimetico.com\/aviso-legal\/#webpage\",\"url\":\"https:\/\/laboratoriobiomimetico.com\/aviso-legal\/\",\"name\":\"Aviso Legal - Laboratorio Biomim\u00e9tico\",\"isPartOf\":{\"@id\":\"https:\/\/laboratoriobiomimetico.com\/#website\"},\"datePublished\":\"2023-01-16T15:12:06+00:00\",\"dateModified\":\"2026-01-28T10:28:21+00:00\",\"breadcrumb\":{\"@id\":\"https:\/\/laboratoriobiomimetico.com\/aviso-legal\/#breadcrumb\"},\"inLanguage\":\"en-GB\",\"potentialAction\":[{\"@type\":\"ReadAction\",\"target\":[\"https:\/\/laboratoriobiomimetico.com\/aviso-legal\/\"]}]},{\"@type\":\"BreadcrumbList\",\"@id\":\"https:\/\/laboratoriobiomimetico.com\/aviso-legal\/#breadcrumb\",\"itemListElement\":[{\"@type\":\"ListItem\",\"position\":1,\"name\":\"Portada\",\"item\":\"https:\/\/laboratoriobiomimetico.com\/\"},{\"@type\":\"ListItem\",\"position\":2,\"name\":\"Aviso Legal\"}]}]}<\/script>\n<!-- \/ Yoast SEO plugin. -->","yoast_head_json":{"title":"Aviso Legal - Laboratorio Biomim\u00e9tico","robots":{"index":"index","follow":"follow","max-snippet":"max-snippet:-1","max-image-preview":"max-image-preview:large","max-video-preview":"max-video-preview:-1"},"canonical":"https:\/\/laboratoriobiomimetico.com\/en\/aviso-legal\/","og_locale":"en_GB","og_type":"article","og_title":"Aviso Legal - Laboratorio Biomim\u00e9tico","og_url":"https:\/\/laboratoriobiomimetico.com\/en\/aviso-legal\/","og_site_name":"Laboratorio Biomim\u00e9tico","article_modified_time":"2026-01-28T10:28:21+00:00","twitter_card":"summary_large_image","twitter_misc":{"Estimated reading time":"1 minute"},"schema":{"@context":"https:\/\/schema.org","@graph":[{"@type":"WebSite","@id":"https:\/\/laboratoriobiomimetico.com\/#website","url":"https:\/\/laboratoriobiomimetico.com\/","name":"Laboratory Biomimetic","description":"Innovaci\u00f3n inspirada por la Naturaleza. Formaci\u00f3n, consultor\u00eda y desarrollo de proyectos bioinspirados.","potentialAction":[{"@type":"SearchAction","target":{"@type":"EntryPoint","urlTemplate":"https:\/\/laboratoriobiomimetico.com\/?s={search_term_string}"},"query-input":"required name=search_term_string"}],"inLanguage":"en-GB"},{"@type":"WebPage","@id":"https:\/\/laboratoriobiomimetico.com\/aviso-legal\/#webpage","url":"https:\/\/laboratoriobiomimetico.com\/aviso-legal\/","name":"Aviso Legal - Laboratorio Biomim\u00e9tico","isPartOf":{"@id":"https:\/\/laboratoriobiomimetico.com\/#website"},"datePublished":"2023-01-16T15:12:06+00:00","dateModified":"2026-01-28T10:28:21+00:00","breadcrumb":{"@id":"https:\/\/laboratoriobiomimetico.com\/aviso-legal\/#breadcrumb"},"inLanguage":"en-GB","potentialAction":[{"@type":"ReadAction","target":["https:\/\/laboratoriobiomimetico.com\/aviso-legal\/"]}]},{"@type":"BreadcrumbList","@id":"https:\/\/laboratoriobiomimetico.com\/aviso-legal\/#breadcrumb","itemListElement":[{"@type":"ListItem","position":1,"name":"Portada","item":"https:\/\/laboratoriobiomimetico.com\/"},{"@type":"ListItem","position":2,"name":"Aviso Legal"}]}]}},"_links":{"self":[{"href":"https:\/\/laboratoriobiomimetico.com\/en\/wp-json\/wp\/v2\/pages\/7811"}],"collection":[{"href":"https:\/\/laboratoriobiomimetico.com\/en\/wp-json\/wp\/v2\/pages"}],"about":[{"href":"https:\/\/laboratoriobiomimetico.com\/en\/wp-json\/wp\/v2\/types\/page"}],"author":[{"embeddable":true,"href":"https:\/\/laboratoriobiomimetico.com\/en\/wp-json\/wp\/v2\/users\/2"}],"replies":[{"embeddable":true,"href":"https:\/\/laboratoriobiomimetico.com\/en\/wp-json\/wp\/v2\/comments?post=7811"}],"version-history":[{"count":3,"href":"https:\/\/laboratoriobiomimetico.com\/en\/wp-json\/wp\/v2\/pages\/7811\/revisions"}],"predecessor-version":[{"id":7814,"href":"https:\/\/laboratoriobiomimetico.com\/en\/wp-json\/wp\/v2\/pages\/7811\/revisions\/7814"}],"wp:attachment":[{"href":"https:\/\/laboratoriobiomimetico.com\/en\/wp-json\/wp\/v2\/media?parent=7811"}],"curies":[{"name":"wp","href":"https:\/\/api.w.org\/{rel}","templated":true}]}}