{"id":7117,"date":"2021-06-15T18:18:50","date_gmt":"2021-06-15T18:18:50","guid":{"rendered":"https:\/\/laboratoriobiomimetico.com\/?page_id=7117"},"modified":"2021-09-05T09:43:23","modified_gmt":"2021-09-05T09:43:23","slug":"formacion","status":"publish","type":"page","link":"https:\/\/laboratoriobiomimetico.com\/en\/formacion\/","title":{"rendered":"Training"},"content":{"rendered":"<div id=\"fws_69d3839a235a0\"  data-column-margin=\"default\" data-midnight=\"dark\" data-top-percent=\"2%\"  class=\"wpb_row vc_row-fluid vc_row full-width-section   top_padding_tablet_8pct bottom_padding_tablet_10pct\"  style=\"padding-top: calc(100vw * 0.02); padding-bottom: 0px; \"><div class=\"row-bg-wrap\" data-bg-animation=\"none\" data-bg-overlay=\"false\"><div class=\"inner-wrap\"><div class=\"row-bg using-bg-color\"  style=\"background-color: #ffffff; \"><\/div><\/div><\/div><div class=\"row_col_wrap_12 col span_12 dark left\">\n\t<div  class=\"vc_col-sm-12 wpb_column column_container vc_column_container col no-extra-padding inherit_tablet inherit_phone\"  data-padding-pos=\"all\" data-has-bg-color=\"false\" data-bg-color=\"\" data-bg-opacity=\"1\" data-animation=\"\" data-delay=\"0\" >\n\t\t<div class=\"vc_column-inner\" >\n\t\t\t<div class=\"wpb_wrapper\">\n\t\t\t\t<div id=\"fws_69d3839a240eb\" data-midnight=\"\" data-column-margin=\"none\" class=\"wpb_row vc_row-fluid vc_row inner_row   bottom_padding_tablet_10px bottom_padding_phone_5px right_padding_phone_25pct left_padding_phone_25pct\"  style=\"padding-bottom: 10px; \"><div class=\"row-bg-wrap\"> <div class=\"row-bg\" ><\/div> <\/div><div class=\"row_col_wrap_12_inner col span_12  left\">\n\t<div  class=\"vc_col-sm-12 wpb_column column_container vc_column_container col child_column centered-text no-extra-padding inherit_tablet inherit_phone\"   data-padding-pos=\"all\" data-has-bg-color=\"false\" data-bg-color=\"\" data-bg-opacity=\"1\" data-animation=\"\" data-delay=\"0\">\n\t\t<div class=\"vc_column-inner\" >\n\t\t<div class=\"wpb_wrapper\">\n\t\t\t\r\n<div class=\"wpb_text_column wpb_content_element\" >\r\n\t<div class=\"wpb_wrapper\">\r\n\t\t<h6>Workshops for companies<\/h6>\n\t<\/div>\r\n<\/div>\r\n\r\n\r\n\r\n\n\t\t<\/div> \n\t<\/div>\n\t<\/div> \n<\/div><\/div><div id=\"fws_69d3839a24915\" data-midnight=\"\" data-column-margin=\"default\" class=\"wpb_row vc_row-fluid vc_row inner_row\"  style=\"\"><div class=\"row-bg-wrap\"> <div class=\"row-bg\" ><\/div> <\/div><div class=\"row_col_wrap_12_inner col span_12  left\">\n\t<div  class=\"vc_col-sm-12 wpb_column column_container vc_column_container col child_column centered-text no-extra-padding inherit_tablet inherit_phone\"   data-padding-pos=\"all\" data-has-bg-color=\"false\" data-bg-color=\"\" data-bg-opacity=\"1\" data-animation=\"\" data-delay=\"0\">\n\t\t<div class=\"vc_column-inner\" >\n\t\t<div class=\"wpb_wrapper\">\n\t\t\t<div class=\"nectar-highlighted-text\" data-style=\"text_outline\" data-outline-thickness=\"regular\" data-user-color=\"true\" style=\"color: #000000;\" data-using-custom-color=\"false\" data-animation-delay=\"false\" data-color=\"\" data-color-gradient=\"\">\n<h1>Customized training<\/h1>\n<\/div>\n\t\t<\/div> \n\t<\/div>\n\t<\/div> \n<\/div><\/div>\n\t\t\t<\/div> \n\t\t<\/div>\n\t<\/div> \n<\/div><\/div>\r\n\t\t<div id=\"fws_69d3839a2517c\"  data-column-margin=\"default\" data-midnight=\"dark\" data-top-percent=\"6%\" data-bottom-percent=\"6%\"  class=\"wpb_row vc_row-fluid vc_row full-width-section\"  style=\"padding-top: calc(100vw * 0.06); padding-bottom: calc(100vw * 0.06); \"><div class=\"row-bg-wrap\" data-bg-animation=\"none\" data-bg-overlay=\"false\"><div class=\"inner-wrap\"><div class=\"row-bg\"  style=\"\"><\/div><\/div><\/div><div class=\"row_col_wrap_12 col span_12 dark left\">\n\t<div  class=\"vc_col-sm-12 wpb_column column_container vc_column_container col no-extra-padding inherit_tablet inherit_phone\"  data-padding-pos=\"all\" data-has-bg-color=\"false\" data-bg-color=\"\" data-bg-opacity=\"1\" data-animation=\"\" data-delay=\"0\" >\n\t\t<div class=\"vc_column-inner\" >\n\t\t\t<div class=\"wpb_wrapper\">\n\t\t\t\t<div class='nectar-post-grid-wrap' data-el-settings='{\"post_type\":\"custom\",\"pagination\":\"none\",\"image_size\":\"large\",\"aspect_ratio_image_size\":\"\",\"display_categories\":\"yes\",\"display_excerpt\":\"yes\",\"display_date\":\"0\",\"color_overlay\":\"\",\"color_overlay_opacity\":\"\",\"color_overlay_hover_opacity\":\"\",\"card_bg_color\":\"\",\"grid_style\":\"content_under_image\",\"post_title_overlay\":\"\",\"heading_tag\":\"default\",\"enable_gallery_lightbox\":\"0\"}' data-style='content_under_image' data-query='{\"post_type\":\"custom\",\"posts_per_page\":\"6\",\"order\":\"DESC\",\"orderby\":\"date\",\"offset\":\"0\",\"cpt_name\":\"formacion\",\"custom_query_tax\":\"\"}' data-load-more-color='black' data-load-more-text='Load More'><div class=\"nectar-post-grid\" data-indicator=\"\" data-indicator-style=\"default\" data-indicator-color=\"#000\" data-indicator-text=\"View\" data-columns=\"3\" data-hover-effect=\"zoom\" data-text-style=\"default\" data-border-radius=\"10px\" data-grid-item-height=\"40vh\" data-grid-spacing=\"15px\" data-text-layout=\"top_left\" data-text-color=\"dark\" data-text-hover-color=\"dark\" data-shadow-hover=\"yes\" data-animation=\"fade-in-from-bottom\" data-cat-click=\"default\" data-lock-aspect=\"\"  data-text-align=\"left\" data-card=\"yes\"><div class=\"nectar-post-grid-item\"> <div class=\"inner\"><div class=\"nectar-post-grid-item-bg-wrap\"><div class=\"nectar-post-grid-item-bg-wrap-inner\"><a aria-label=\"Walk biomimetic\" href=\"https:\/\/laboratoriobiomimetico.com\/en\/formacion\/paseo-biomimetico\/\"><\/a><div class=\"nectar-post-grid-item-bg\" data-nectar-img-src=\"https:\/\/laboratoriobiomimetico.com\/wp-content\/uploads\/2021\/09\/Cabecera-1024x683.png\"><\/div><\/div><\/div><div class=\"content\"><a class=\"nectar-post-grid-link\" href=\"https:\/\/laboratoriobiomimetico.com\/en\/formacion\/paseo-biomimetico\/\" aria-label=\"Walk biomimetic\"><\/a><span class=\"meta-category\"><\/span><div class=\"item-main\"><h3 class=\"post-heading\"><a href=\"https:\/\/laboratoriobiomimetico.com\/en\/formacion\/paseo-biomimetico\/\"><span>Walk biomimetic<\/span><\/a><\/h3><div class=\"item-meta-extra\"><span class=\"meta-excerpt\">Workshop to start practicing biomimicry from the direct observation of Nature, by an output field and the creation of a notebook biomimetic.<\/span><\/div><\/div><\/div><\/div><\/div><div class=\"nectar-post-grid-item\"> <div class=\"inner\"><div class=\"nectar-post-grid-item-bg-wrap\"><div class=\"nectar-post-grid-item-bg-wrap-inner\"><a aria-label=\"Design according to patterns of Nature\" href=\"https:\/\/laboratoriobiomimetico.com\/en\/formacion\/diseno-segun-patrones-de-la-naturaleza\/\"><\/a><div class=\"nectar-post-grid-item-bg\" data-nectar-img-src=\"https:\/\/laboratoriobiomimetico.com\/wp-content\/uploads\/2021\/07\/Patrones-1024x682.jpg\"><\/div><\/div><\/div><div class=\"content\"><a class=\"nectar-post-grid-link\" href=\"https:\/\/laboratoriobiomimetico.com\/en\/formacion\/diseno-segun-patrones-de-la-naturaleza\/\" aria-label=\"Design according to patterns of Nature\"><\/a><span class=\"meta-category\"><\/span><div class=\"item-main\"><h3 class=\"post-heading\"><a href=\"https:\/\/laboratoriobiomimetico.com\/en\/formacion\/diseno-segun-patrones-de-la-naturaleza\/\"><span>Design according to patterns of Nature<\/span><\/a><\/h3><div class=\"item-meta-extra\"><span class=\"meta-excerpt\">Workshop to learn how to create modules, bio-inspired in the pattern of an organism using the techniques of 3D printing or laser cutting.<\/span><\/div><\/div><\/div><\/div><\/div><div class=\"nectar-post-grid-item\"> <div class=\"inner\"><div class=\"nectar-post-grid-item-bg-wrap\"><div class=\"nectar-post-grid-item-bg-wrap-inner\"><a aria-label=\"Origami and ribbing\" href=\"https:\/\/laboratoriobiomimetico.com\/en\/formacion\/origamimodular\/\"><\/a><div class=\"nectar-post-grid-item-bg\" data-nectar-img-src=\"https:\/\/laboratoriobiomimetico.com\/wp-content\/uploads\/2021\/07\/LaboratorioBiomimetico_Cabecera-1024x682.jpg\"><\/div><\/div><\/div><div class=\"content\"><a class=\"nectar-post-grid-link\" href=\"https:\/\/laboratoriobiomimetico.com\/en\/formacion\/origamimodular\/\" aria-label=\"Origami and ribbing\"><\/a><span class=\"meta-category\"><\/span><div class=\"item-main\"><h3 class=\"post-heading\"><a href=\"https:\/\/laboratoriobiomimetico.com\/en\/formacion\/origamimodular\/\"><span>Origami and ribbing<\/span><\/a><\/h3><div class=\"item-meta-extra\"><span class=\"meta-excerpt\">Workshop to learn techniques of paper folding and to foster creativity in the design of complex structures.<\/span><\/div><\/div><\/div><\/div><\/div><div class=\"nectar-post-grid-item\"> <div class=\"inner\"><div class=\"nectar-post-grid-item-bg-wrap\"><div class=\"nectar-post-grid-item-bg-wrap-inner\"><a aria-label=\"Impresi\u00f3n 3D sobre textiles &#8211; Mecanismos din\u00e1micos\" href=\"https:\/\/laboratoriobiomimetico.com\/en\/formacion\/impresion-3d-sobre-textiles\/\"><\/a><div class=\"nectar-post-grid-item-bg\" data-nectar-img-src=\"https:\/\/laboratoriobiomimetico.com\/wp-content\/uploads\/2021\/06\/textiles-1024x630.jpg\"><\/div><\/div><\/div><div class=\"content\"><a class=\"nectar-post-grid-link\" href=\"https:\/\/laboratoriobiomimetico.com\/en\/formacion\/impresion-3d-sobre-textiles\/\" aria-label=\"Impresi\u00f3n 3D sobre textiles &#8211; Mecanismos din\u00e1micos\"><\/a><span class=\"meta-category\"><\/span><div class=\"item-main\"><h3 class=\"post-heading\"><a href=\"https:\/\/laboratoriobiomimetico.com\/en\/formacion\/impresion-3d-sobre-textiles\/\"><span>3D printing on textiles \u2013 Mechanisms<\/span><\/a><\/h3><div class=\"item-meta-extra\"><span class=\"meta-excerpt\">Workshop to explore the possibilities of 3D printing on tissues and get to know the different emerging applications.<\/span><\/div><\/div><\/div><\/div><\/div><div class=\"nectar-post-grid-item\"> <div class=\"inner\"><div class=\"nectar-post-grid-item-bg-wrap\"><div class=\"nectar-post-grid-item-bg-wrap-inner\"><a aria-label=\"How to factory Nature\" href=\"https:\/\/laboratoriobiomimetico.com\/en\/formacion\/como-fabrica-la-naturaleza\/\"><\/a><div class=\"nectar-post-grid-item-bg\" data-nectar-img-src=\"https:\/\/laboratoriobiomimetico.com\/wp-content\/uploads\/2020\/12\/TexturasCafe-e1622041167511-1024x683.jpg\"><\/div><\/div><\/div><div class=\"content\"><a class=\"nectar-post-grid-link\" href=\"https:\/\/laboratoriobiomimetico.com\/en\/formacion\/como-fabrica-la-naturaleza\/\" aria-label=\"How to factory Nature\"><\/a><span class=\"meta-category\"><\/span><div class=\"item-main\"><h3 class=\"post-heading\"><a href=\"https:\/\/laboratoriobiomimetico.com\/en\/formacion\/como-fabrica-la-naturaleza\/\"><span>How to factory Nature<\/span><\/a><\/h3><div class=\"item-meta-extra\"><span class=\"meta-excerpt\">Theoretical-practical workshop to learn how to make biomaterials from a natural perspective, favouring the use of resources and organic and biodegradable.<\/span><\/div><\/div><\/div><\/div><\/div><\/div><\/div>\n\t\t\t<\/div> \n\t\t<\/div>\n\t<\/div> \n<\/div><\/div>","protected":false},"excerpt":{"rendered":"Resumen Taller te\u00f3rico-pr\u00e1ctico para aprender a fabricar biomateriales desde una perspectiva natural, favoreciendo el uso de recursos org\u00e1nicos y biodegradables. C\u00f3mo fabrica la Naturaleza Charla de introducci\u00f3n a la ciencia de la biom\u00edmesis a trav\u00e9s de diferentes casos de estudio...","protected":false},"author":2,"featured_media":0,"parent":0,"menu_order":4,"comment_status":"closed","ping_status":"closed","template":"","meta":{"footnotes":""},"yoast_head":"<!-- This site is optimized with the Yoast SEO plugin v18.8 - https:\/\/yoast.com\/wordpress\/plugins\/seo\/ -->\n<title>Formaci\u00f3n - Laboratorio Biomim\u00e9tico<\/title>\n<meta name=\"description\" content=\"Cursos y talleres del Laboratorio Biomim\u00e9tico\" \/>\n<meta name=\"robots\" content=\"index, follow, max-snippet:-1, max-image-preview:large, max-video-preview:-1\" \/>\n<link rel=\"canonical\" href=\"https:\/\/laboratoriobiomimetico.com\/en\/formacion\/\" \/>\n<meta property=\"og:locale\" content=\"en_GB\" \/>\n<meta property=\"og:type\" content=\"article\" \/>\n<meta property=\"og:title\" content=\"Formaci\u00f3n - Laboratorio Biomim\u00e9tico\" \/>\n<meta property=\"og:description\" content=\"Cursos y talleres del Laboratorio Biomim\u00e9tico\" \/>\n<meta property=\"og:url\" content=\"https:\/\/laboratoriobiomimetico.com\/en\/formacion\/\" \/>\n<meta property=\"og:site_name\" content=\"Laboratorio Biomim\u00e9tico\" \/>\n<meta property=\"article:modified_time\" content=\"2021-09-05T09:43:23+00:00\" \/>\n<meta name=\"twitter:card\" content=\"summary_large_image\" \/>\n<meta name=\"twitter:label1\" content=\"Estimated reading time\" \/>\n\t<meta name=\"twitter:data1\" content=\"1 minute\" \/>\n<script type=\"application\/ld+json\" class=\"yoast-schema-graph\">{\"@context\":\"https:\/\/schema.org\",\"@graph\":[{\"@type\":\"WebSite\",\"@id\":\"https:\/\/laboratoriobiomimetico.com\/#website\",\"url\":\"https:\/\/laboratoriobiomimetico.com\/\",\"name\":\"Laboratorio Biomim\u00e9tico\",\"description\":\"Innovaci\u00f3n inspirada por la Naturaleza. Formaci\u00f3n, consultor\u00eda y desarrollo de proyectos bioinspirados.\",\"potentialAction\":[{\"@type\":\"SearchAction\",\"target\":{\"@type\":\"EntryPoint\",\"urlTemplate\":\"https:\/\/laboratoriobiomimetico.com\/?s={search_term_string}\"},\"query-input\":\"required name=search_term_string\"}],\"inLanguage\":\"en-GB\"},{\"@type\":\"WebPage\",\"@id\":\"https:\/\/laboratoriobiomimetico.com\/formacion\/#webpage\",\"url\":\"https:\/\/laboratoriobiomimetico.com\/formacion\/\",\"name\":\"Formaci\u00f3n - Laboratorio Biomim\u00e9tico\",\"isPartOf\":{\"@id\":\"https:\/\/laboratoriobiomimetico.com\/#website\"},\"datePublished\":\"2021-06-15T18:18:50+00:00\",\"dateModified\":\"2021-09-05T09:43:23+00:00\",\"description\":\"Cursos y talleres del Laboratorio Biomim\u00e9tico\",\"breadcrumb\":{\"@id\":\"https:\/\/laboratoriobiomimetico.com\/formacion\/#breadcrumb\"},\"inLanguage\":\"en-GB\",\"potentialAction\":[{\"@type\":\"ReadAction\",\"target\":[\"https:\/\/laboratoriobiomimetico.com\/formacion\/\"]}]},{\"@type\":\"BreadcrumbList\",\"@id\":\"https:\/\/laboratoriobiomimetico.com\/formacion\/#breadcrumb\",\"itemListElement\":[{\"@type\":\"ListItem\",\"position\":1,\"name\":\"Portada\",\"item\":\"https:\/\/laboratoriobiomimetico.com\/\"},{\"@type\":\"ListItem\",\"position\":2,\"name\":\"Formaci\u00f3n\"}]}]}<\/script>\n<!-- \/ Yoast SEO plugin. -->","yoast_head_json":{"title":"Formaci\u00f3n - Laboratorio Biomim\u00e9tico","description":"Cursos y talleres del Laboratorio Biomim\u00e9tico","robots":{"index":"index","follow":"follow","max-snippet":"max-snippet:-1","max-image-preview":"max-image-preview:large","max-video-preview":"max-video-preview:-1"},"canonical":"https:\/\/laboratoriobiomimetico.com\/en\/formacion\/","og_locale":"en_GB","og_type":"article","og_title":"Formaci\u00f3n - Laboratorio Biomim\u00e9tico","og_description":"Cursos y talleres del Laboratorio Biomim\u00e9tico","og_url":"https:\/\/laboratoriobiomimetico.com\/en\/formacion\/","og_site_name":"Laboratorio Biomim\u00e9tico","article_modified_time":"2021-09-05T09:43:23+00:00","twitter_card":"summary_large_image","twitter_misc":{"Estimated reading time":"1 minute"},"schema":{"@context":"https:\/\/schema.org","@graph":[{"@type":"WebSite","@id":"https:\/\/laboratoriobiomimetico.com\/#website","url":"https:\/\/laboratoriobiomimetico.com\/","name":"Laboratory Biomimetic","description":"Innovaci\u00f3n inspirada por la Naturaleza. Formaci\u00f3n, consultor\u00eda y desarrollo de proyectos bioinspirados.","potentialAction":[{"@type":"SearchAction","target":{"@type":"EntryPoint","urlTemplate":"https:\/\/laboratoriobiomimetico.com\/?s={search_term_string}"},"query-input":"required name=search_term_string"}],"inLanguage":"en-GB"},{"@type":"WebPage","@id":"https:\/\/laboratoriobiomimetico.com\/formacion\/#webpage","url":"https:\/\/laboratoriobiomimetico.com\/formacion\/","name":"Formaci\u00f3n - Laboratorio Biomim\u00e9tico","isPartOf":{"@id":"https:\/\/laboratoriobiomimetico.com\/#website"},"datePublished":"2021-06-15T18:18:50+00:00","dateModified":"2021-09-05T09:43:23+00:00","description":"Cursos y talleres del Laboratorio Biomim\u00e9tico","breadcrumb":{"@id":"https:\/\/laboratoriobiomimetico.com\/formacion\/#breadcrumb"},"inLanguage":"en-GB","potentialAction":[{"@type":"ReadAction","target":["https:\/\/laboratoriobiomimetico.com\/formacion\/"]}]},{"@type":"BreadcrumbList","@id":"https:\/\/laboratoriobiomimetico.com\/formacion\/#breadcrumb","itemListElement":[{"@type":"ListItem","position":1,"name":"Portada","item":"https:\/\/laboratoriobiomimetico.com\/"},{"@type":"ListItem","position":2,"name":"Formaci\u00f3n"}]}]}},"_links":{"self":[{"href":"https:\/\/laboratoriobiomimetico.com\/en\/wp-json\/wp\/v2\/pages\/7117"}],"collection":[{"href":"https:\/\/laboratoriobiomimetico.com\/en\/wp-json\/wp\/v2\/pages"}],"about":[{"href":"https:\/\/laboratoriobiomimetico.com\/en\/wp-json\/wp\/v2\/types\/page"}],"author":[{"embeddable":true,"href":"https:\/\/laboratoriobiomimetico.com\/en\/wp-json\/wp\/v2\/users\/2"}],"replies":[{"embeddable":true,"href":"https:\/\/laboratoriobiomimetico.com\/en\/wp-json\/wp\/v2\/comments?post=7117"}],"version-history":[{"count":10,"href":"https:\/\/laboratoriobiomimetico.com\/en\/wp-json\/wp\/v2\/pages\/7117\/revisions"}],"predecessor-version":[{"id":7318,"href":"https:\/\/laboratoriobiomimetico.com\/en\/wp-json\/wp\/v2\/pages\/7117\/revisions\/7318"}],"wp:attachment":[{"href":"https:\/\/laboratoriobiomimetico.com\/en\/wp-json\/wp\/v2\/media?parent=7117"}],"curies":[{"name":"wp","href":"https:\/\/api.w.org\/{rel}","templated":true}]}}