{"id":3,"date":"2020-03-22T10:31:46","date_gmt":"2020-03-22T10:31:46","guid":{"rendered":"http:\/\/laboratoriobiomimetico.com\/?page_id=3"},"modified":"2026-01-28T10:28:13","modified_gmt":"2026-01-28T10:28:13","slug":"privacidad","status":"publish","type":"page","link":"https:\/\/laboratoriobiomimetico.com\/en\/privacidad\/","title":{"rendered":"Privacidad"},"content":{"rendered":"<div id=\"fws_69ea4e64c29f5\"  data-column-margin=\"default\" data-midnight=\"dark\"  class=\"wpb_row vc_row-fluid vc_row\"  style=\"padding-top: 0px; padding-bottom: 0px; \"><div class=\"row-bg-wrap\" data-bg-animation=\"none\" data-bg-overlay=\"false\"><div class=\"inner-wrap\"><div class=\"row-bg\"  style=\"\"><\/div><\/div><\/div><div class=\"row_col_wrap_12 col span_12 dark left\">\n\t<div  class=\"vc_col-sm-12 wpb_column column_container vc_column_container col padding-10-percent inherit_tablet inherit_phone\"  data-padding-pos=\"all\" data-has-bg-color=\"false\" data-bg-color=\"\" data-bg-opacity=\"1\" data-animation=\"\" data-delay=\"0\" >\n\t\t<div class=\"vc_column-inner\" >\n\t\t\t<div class=\"wpb_wrapper\">\n\t\t\t\t\r\n<div class=\"wpb_text_column wpb_content_element\" >\r\n\t<div class=\"wpb_wrapper\">\r\n\t\t<h2 class=\"wp-block-heading\">Pol\u00edtica de Privacidad<\/h2>\n<p><strong>Condiciones de uso<\/strong><\/p>\n<p>El acceso y\/o uso de este portal atribuye la condici\u00f3n de Usuario, que acepta los t\u00e9rminos y condiciones generales de uso para poder usar todos los servicios e informaci\u00f3n que se facilitan desde el portal. Dichas condiciones se exponen a continuaci\u00f3n:<br \/>De conformidad con lo establecido en el REGLAMENTO (UE) 2016\/679 de protecci\u00f3n de datos de car\u00e1cter personal, le informamos que los datos que usted nos facilite ser\u00e1n incorporados al sistema de tratamiento titularidad de MARLEN LOPEZ FERNANDEZ., NIF 53536779R y domicilio social sito en Ladines 78, 33993 Sobrescobio Asturias, con la finalidad de enviarle informaci\u00f3n comercial de nuestros productos y servicios.<br \/>Se proceder\u00e1 a tratar los datos de manera l\u00edcita, leal, transparente, adecuada, pertinente, limitada, exacta y actualizada. Mientras no nos comunique lo contrario, entenderemos que sus datos no han sido modificados y que usted se compromete a notificarnos cualquier variaci\u00f3n. En caso que fuera necesario comunicar sus datos a otros destinatarios, puede consultar m\u00e1s informaci\u00f3n en la pol\u00edtica de privacidad disponible en la web.<br \/>De acuerdo con los derechos que le confiere la normativa vigente podr\u00e1 ejercer sus derechos de acceso, rectificaci\u00f3n, limitaci\u00f3n de tratamiento, supresi\u00f3n, portabilidad y oposici\u00f3n al tratamiento de sus datos de car\u00e1cter personal as\u00ed como revocar el consentimiento prestado, dirigiendo su petici\u00f3n a la direcci\u00f3n postal indicada o al correo electr\u00f3nico info@laboratorioBiomimetico.com Igualmente puede dirigirse a nosotros para cualquier aclaraci\u00f3n en relaci\u00f3n con este formulario o en relaci\u00f3n al tratamiento de sus datos.<\/p>\n<p><strong>\u00bfQu\u00e9 Datos recabamos y en qu\u00e9 momento?<\/strong><\/p>\n<p>Cuando utilizas nuestro Sitio web, no recabemos ning\u00fan Dato, s\u00f3lo cuando nos escribes un correo electr\u00f3nico o nos llamas por tel\u00e9fono recopilaremos los siguientes datos si t\u00fa nos los facilitas:<br \/>&#8211; nombre y apellido;<br \/>&#8211; direcci\u00f3n de correo electr\u00f3nico;<br \/>&#8211; n\u00famero de tel\u00e9fono;<br \/>&#8211; direcci\u00f3n de correo postal;<\/p>\n<p>Los m\u00ednimos para poder comunicarnos contigo.<\/p>\n<p><strong>\u00bfDurante cu\u00e1nto tiempo conservamos tus Datos?<\/strong><\/p>\n<p>Los datos proporcionados ser\u00e1n conservados hasta no recibir una oposici\u00f3n en contra.<br \/>En cualquier caso, tienes la posibilidad de solicitar en todo momento la supresi\u00f3n de parte o la totalidad de tus Datos, de oponerte a su tratamiento o de solicitar su limitaci\u00f3n.<\/p>\n<p><strong>\u00bfCompartimos tus datos con terceros?<\/strong><\/p>\n<p>No, as\u00ed de f\u00e1cil.<\/p>\n<p><strong>\u00bfCu\u00e1les son tus derechos y c\u00f3mo ejercerlos?<\/strong><\/p>\n<p>De conformidad con la normativa aplicable en materia de datos personales, puedes ejercer los siguientes derechos:<br \/>&#8211; acceder a tus Datos y solicitar su rectificaci\u00f3n, supresi\u00f3n o portabilidad;<br \/>&#8211; retirar tu consentimiento para el futuro, ya sea para parte o la totalidad de los tratamientos en cuesti\u00f3n;<br \/>&#8211; oponerte al tratamiento de tus Datos o solicitar su limitaci\u00f3n.<\/p>\n<p>Puedes ejercer estos derechos envi\u00e1ndonos un correo electr\u00f3nico a la direcci\u00f3n info@laboratorioBiomimetico.com. Deber\u00e1s adjuntar un justificante de identidad y precisar la siguiente informaci\u00f3n:<br \/>&#8211; tu nombre, apellidos y direcci\u00f3n de correo electr\u00f3nico;<br \/>&#8211; el objeto de tu solicitud;<\/p>\n<p>Te responderemos en un plazo m\u00e1ximo de un mes tras haber recibido su solicitud.<br \/>Tambi\u00e9n tienes derecho a presentar una reclamaci\u00f3n ante una autoridad de supervisi\u00f3n.<\/p>\n<p><strong>Propiedad intelectual e industrial<\/strong><\/p>\n<p>\u201cLaboratorio Biomim\u00e9tico\u201d es titular de todos los derechos de propiedad intelectual e industrial de su p\u00e1gina web, as\u00ed como de los elementos contenidos en la misma. Todos los derechos est\u00e1n reservados.<br \/>En virtud de lo dispuesto en los art\u00edculos 8 y 32.1, p\u00e1rrafo segundo, de la Ley de Propiedad Intelectual, quedan expresamente prohibidas la reproducci\u00f3n, la distribuci\u00f3n y la comunicaci\u00f3n p\u00fablica, incluida su modalidad de puesta a disposici\u00f3n, de la totalidad o parte de los contenidos de esta p\u00e1gina web, con fines comerciales, en cualquier soporte y por cualquier medio t\u00e9cnico, sin la autorizaci\u00f3n de Laboratorio Biomim\u00e9tico.<\/p>\n<p><strong>Pol\u00edtica de Privacidad<\/strong><\/p>\n<p>El Reglamento (UE) 2016\/679 de protecci\u00f3n de datos de car\u00e1cter personal, establece un nuevo enfoque para el control y el tratamiento de los datos de car\u00e1cter personal. Hemos revisado y adaptado nuestra pol\u00edtica de privacidad a los nuevos requisitos y queremos ofrecer mayor informaci\u00f3n y transparencia en relaci\u00f3n con el tratamiento de los datos personales. Marl\u00e9n L\u00f3pez Fern\u00e1ndez con NIF: 53536779R, es responsable del tratamiento de los datos de car\u00e1cter personal de sus usuarios y clientes, as\u00ed como de los datos que puedan ser recabados a trav\u00e9s del sitio web. Marl\u00e9n L\u00f3pez Fern\u00e1ndez informa a los usuarios del sitio web sobre su pol\u00edtica respecto del tratamiento y protecci\u00f3n de los datos de car\u00e1cter personal de los usuarios y clientes que puedan ser recabados por la navegaci\u00f3n o contrataci\u00f3n de servicios a trav\u00e9s de su sitio web. Finalidad del tratamiento de los datos. Sus datos de car\u00e1cter personal se recaban con la finalidad prestar y mantener los servicios acordados contractualmente as\u00ed como poder informarle sobre los nuevos productos y servicios. El tratamiento de los datos que nos facilite a trav\u00e9s de los formularios de la web www.laboratorioBiomimetico.com , se regir\u00e1 por esta misma pol\u00edtica de privacidad. Las operaciones, gestiones y procedimientos t\u00e9cnicos que se realicen de forma automatizada o no automatizada y que posibiliten la recogida, el almacenamiento, la modificaci\u00f3n, la transferencia y otras acciones sobre datos de car\u00e1cter personal, tienen la consideraci\u00f3n de tratamiento de datos personales. Marl\u00e9n L\u00f3pez Fern\u00e1ndez , proceder\u00e1 a tratar los datos de car\u00e1cter personal de manera l\u00edcita, leal, transparente, adecuada, pertinente, limitada, exacta y actualizada. Datos recabados para la prestaci\u00f3n de un servicio Los datos de car\u00e1cter personal que nos facilite para la prestaci\u00f3n de un servicio ser\u00e1n los m\u00ednimos exigibles para poder elaborar el contrato as\u00ed como para poder ofrecerle los servicios que usted contrate y para el cumplimiento de las obligaciones legales. Los datos ser\u00e1n conservados durante los plazos legalmente establecidos. Datos recabados para la solicitud de informaci\u00f3n a trav\u00e9s del formulario web. Los datos personales recabados a trav\u00e9s del formulario web para la petici\u00f3n de informaci\u00f3n tienen como finalidad el env\u00edo de informaci\u00f3n comercial sobre nuestros productos y servicios. El tratamiento de los datos en este caso est\u00e1 legitimado por el consentimiento expreso que usted nos presta al aceptar el env\u00edo de la informaci\u00f3n aportada a trav\u00e9s del formulario. Ejercicio de los derechos De acuerdo con los derechos que confiere el Reglamento (UE) 2016\/679 de protecci\u00f3n de datos de car\u00e1cter personal podr\u00e1 ejercer los derechos de acceso, rectificaci\u00f3n, limitaci\u00f3n de tratamiento, supresi\u00f3n, portabilidad y oposici\u00f3n al tratamiento de sus datos dirigiendo su petici\u00f3n a la direcci\u00f3n postal indicada o al correo electr\u00f3nico info@laboratorioBiomimetico.com . Para el ejercicio de los derechos deber\u00e1 identificarse mediante la presentaci\u00f3n de su DNI. Destinatarios Marl\u00e9n L\u00f3pez Fern\u00e1ndez, informa a los usuarios de que sus datos personales no ser\u00e1n comunicados a terceros, con la salvedad de que dicha comunicaci\u00f3n de datos este amparada en una obligaci\u00f3n legal o cuando la prestaci\u00f3n de un servicio implique la necesidad de una relaci\u00f3n contractual con un encargado de tratamiento. En este \u00faltimo caso, los destinatarios de sus datos pueden ser empresas del grupo, empresas de solvencia patrimonial (en el caso de impagos, comunicados mediante los procedimientos y garant\u00edas establecidos por la normativa vigente) as\u00ed como determinados encargados del tratamiento necesarios para la correcta prestaci\u00f3n de los servicios. Marl\u00e9n L\u00f3pez Fern\u00e1ndez, mantiene unos criterios estrictos de selecci\u00f3n de encargados de tratamiento y se compromete contractualmente con cada uno a cumplir y hacer cumplir las obligaciones establecidas en materia de protecci\u00f3n de datos Variaci\u00f3n de los datos Mientras no nos comuniquen lo contrario, entenderemos que los datos no han sido modificados y que usted se compromete a notificarnos cualquier variaci\u00f3n. Para cualquier reclamaci\u00f3n puede dirigirse a info@laboratorioBiomimetico.com . Igualmente podr\u00e1 dirigirse a la Agencia Espa\u00f1ola de Protecci\u00f3n de Datos www.agdp.es.<\/p>\n<p><strong>Responsabilidad<\/strong><\/p>\n<p>El portal no garantiza la disponibilidad continua y permanente de los servicios, quedando de este modo exonerado de cualquier responsabilidad por posibles da\u00f1os y perjuicios causados como consecuencia de la falta de disponibilidad del servicio por motivos de fuerza mayor o errores en las redes telem\u00e1ticas de transferencia de datos, ajenos a su voluntad, o por desconexiones realizadas por trabajos de mejora o mantenimiento de los equipos y sistemas inform\u00e1ticos. En estos casos, el portal har\u00e1 sus mejores esfuerzos para avisar con una antelaci\u00f3n de 24 horas a la interrupci\u00f3n. El portal no ser\u00e1 responsable por la interrupci\u00f3n, suspensi\u00f3n o finalizaci\u00f3n de la informaci\u00f3n o servicios. As\u00ed mismo, no se responsabiliza de las posibles omisiones, p\u00e9rdidas de informaci\u00f3n, datos, configuraciones, accesos indebidos o vulneraci\u00f3n de la confidencialidad que tengan origen en problemas t\u00e9cnicos, de comunicaciones u omisiones humanas, causadas por terceros o no imputables al portal. Tampoco responder\u00e1 de los da\u00f1os producidos por ataques inform\u00e1ticos o causados por virus que afecten a programas inform\u00e1ticos, sistemas de comunicaciones o equipos utilizados por el Portal pero fabricados o facilitados por un tercero. El portal podr\u00e1, a su sola discreci\u00f3n, denegar, retirar, suspender y\/o bloquear en cualquier momento y sin necesidad de previo aviso el acceso a la informaci\u00f3n y servicios a aquellos usuarios que incumplan las presentes normas.<br \/>Exceptuando los casos que la Ley imponga expresamente lo contrario, y exclusivamente con la medida y extensi\u00f3n en que lo imponga, la aplicaci\u00f3n no garantiza ni asume responsabilidad alguna respecto a los posibles da\u00f1os y perjuicios causados por el uso y utilizaci\u00f3n de la informaci\u00f3n, datos y servicios del portal.<br \/>El propietario de la web excluye, hasta donde permite el ordenamiento jur\u00eddico, cualquier responsabilidad por los da\u00f1os y perjuicios de toda naturaleza derivados de:<br \/>a) La imposibilidad de acceso al sitio web o la falta de veracidad, exactitud, exhaustividad y\/o actualidad de los contenidos, as\u00ed como la existencia de vicios y defectos de toda clase de los contenidos transmitidos, difundidos, almacenados, puestos a disposici\u00f3n a los que se haya accedido a trav\u00e9s del sitio web o de los servicios que se ofrecen.<br \/>b) La presencia de virus o de otros elementos en los contenidos que puedan producir alteraciones en los sistemas inform\u00e1ticos, documentos electr\u00f3nicos o datos de los usuarios.<br \/>c) El incumplimiento de las leyes, la buena fe, el orden p\u00fablico, los usos del tr\u00e1fico y el presente aviso legal como consecuencia del uso incorrecto del sitio web.<br \/>Laboratorio Biomim\u00e9tico se reserva la facultad de modificar en cualquier momento las condiciones generales de uso del portal. En todo caso, se recomienda que consulte peri\u00f3dicamente las presentes condiciones generales de uso del portal, ya que pueden ser modificadas.<br \/>El usuario deber\u00e1 respetar en todo momento los t\u00e9rminos y condiciones establecidos en el presente aviso legal de tienda online. De forma expresa el usuario manifiesta que utilizar\u00e1 el portal de forma diligente y asumiendo cualquier responsabilidad que pudiera derivarse del incumplimiento de las normas.<br \/>El usuario se obliga, en aquellos casos que se le soliciten datos o informaci\u00f3n, a no falsear su identidad haci\u00e9ndose pasar por cualquier otra persona. El usuario acepta que la utilizaci\u00f3n del Portal ser\u00e1 efectuada con fines estrictamente personales, privados y particulares. El usuario no podr\u00e1 utilizar el portal para actividades contrarias a la Ley, la moral y el orden p\u00fablico as\u00ed como para finalidades prohibidas o que vulneren o lesionen derechos de terceros. Asimismo, queda prohibida la difusi\u00f3n, almacenamiento y\/o gesti\u00f3n de datos o contenidos que infrinjan derechos de terceros o cualesquiera normativas reguladoras de derechos de propiedad intelectual o industrial.<br \/>As\u00ed mismo, el usuario no podr\u00e1 utilizar el portal para transmitir, almacenar, divulgar promover o distribuir datos o contenidos que sean portadores de virus o cualquier otro c\u00f3digo inform\u00e1tico, archivos o programas dise\u00f1ados para interrumpir, destruir o perjudicar el funcionamiento de cualquier programa o equipo inform\u00e1tico o de telecomunicaciones.<br \/>El usuario se obliga a indemnizar y a mantener indemnes al portal por cualquier da\u00f1o, perjuicio, sanci\u00f3n, multa, pena o indemnizaci\u00f3n que tenga que hacer frente el portal.<\/p>\n\t<\/div>\r\n<\/div>\r\n\r\n\r\n\r\n<div class=\"divider-wrap\" data-alignment=\"default\"><div style=\"height: 10px;\" class=\"divider\"><\/div><\/div>\n\t\t\t<\/div> \n\t\t<\/div>\n\t<\/div> \n<\/div><\/div>","protected":false},"excerpt":{"rendered":"Pol\u00edtica de Privacidad Condiciones de uso El acceso y\/o uso de este portal atribuye la condici\u00f3n de Usuario, que acepta los t\u00e9rminos y condiciones generales de uso para poder usar todos los servicios e informaci\u00f3n que se facilitan desde el...","protected":false},"author":2,"featured_media":0,"parent":0,"menu_order":6,"comment_status":"closed","ping_status":"closed","template":"","meta":{"footnotes":""},"yoast_head":"<!-- This site is optimized with the Yoast SEO plugin v18.8 - https:\/\/yoast.com\/wordpress\/plugins\/seo\/ -->\n<title>Privacidad - Laboratorio Biomim\u00e9tico<\/title>\n<meta name=\"robots\" content=\"index, follow, max-snippet:-1, max-image-preview:large, max-video-preview:-1\" \/>\n<link rel=\"canonical\" href=\"https:\/\/laboratoriobiomimetico.com\/en\/privacidad\/\" \/>\n<meta property=\"og:locale\" content=\"en_GB\" \/>\n<meta property=\"og:type\" content=\"article\" \/>\n<meta property=\"og:title\" content=\"Privacidad - Laboratorio Biomim\u00e9tico\" \/>\n<meta property=\"og:url\" content=\"https:\/\/laboratoriobiomimetico.com\/en\/privacidad\/\" \/>\n<meta property=\"og:site_name\" content=\"Laboratorio Biomim\u00e9tico\" \/>\n<meta property=\"article:modified_time\" content=\"2026-01-28T10:28:13+00:00\" \/>\n<meta name=\"twitter:card\" content=\"summary_large_image\" \/>\n<meta name=\"twitter:label1\" content=\"Estimated reading time\" \/>\n\t<meta name=\"twitter:data1\" content=\"9 minutes\" \/>\n<script type=\"application\/ld+json\" class=\"yoast-schema-graph\">{\"@context\":\"https:\/\/schema.org\",\"@graph\":[{\"@type\":\"WebSite\",\"@id\":\"https:\/\/laboratoriobiomimetico.com\/#website\",\"url\":\"https:\/\/laboratoriobiomimetico.com\/\",\"name\":\"Laboratorio Biomim\u00e9tico\",\"description\":\"Innovaci\u00f3n inspirada por la Naturaleza. Formaci\u00f3n, consultor\u00eda y desarrollo de proyectos bioinspirados.\",\"potentialAction\":[{\"@type\":\"SearchAction\",\"target\":{\"@type\":\"EntryPoint\",\"urlTemplate\":\"https:\/\/laboratoriobiomimetico.com\/?s={search_term_string}\"},\"query-input\":\"required name=search_term_string\"}],\"inLanguage\":\"en-GB\"},{\"@type\":\"WebPage\",\"@id\":\"https:\/\/laboratoriobiomimetico.com\/privacidad\/#webpage\",\"url\":\"https:\/\/laboratoriobiomimetico.com\/privacidad\/\",\"name\":\"Privacidad - Laboratorio Biomim\u00e9tico\",\"isPartOf\":{\"@id\":\"https:\/\/laboratoriobiomimetico.com\/#website\"},\"datePublished\":\"2020-03-22T10:31:46+00:00\",\"dateModified\":\"2026-01-28T10:28:13+00:00\",\"breadcrumb\":{\"@id\":\"https:\/\/laboratoriobiomimetico.com\/privacidad\/#breadcrumb\"},\"inLanguage\":\"en-GB\",\"potentialAction\":[{\"@type\":\"ReadAction\",\"target\":[\"https:\/\/laboratoriobiomimetico.com\/privacidad\/\"]}]},{\"@type\":\"BreadcrumbList\",\"@id\":\"https:\/\/laboratoriobiomimetico.com\/privacidad\/#breadcrumb\",\"itemListElement\":[{\"@type\":\"ListItem\",\"position\":1,\"name\":\"Portada\",\"item\":\"https:\/\/laboratoriobiomimetico.com\/\"},{\"@type\":\"ListItem\",\"position\":2,\"name\":\"Privacidad\"}]}]}<\/script>\n<!-- \/ Yoast SEO plugin. -->","yoast_head_json":{"title":"Privacidad - Laboratorio Biomim\u00e9tico","robots":{"index":"index","follow":"follow","max-snippet":"max-snippet:-1","max-image-preview":"max-image-preview:large","max-video-preview":"max-video-preview:-1"},"canonical":"https:\/\/laboratoriobiomimetico.com\/en\/privacidad\/","og_locale":"en_GB","og_type":"article","og_title":"Privacidad - Laboratorio Biomim\u00e9tico","og_url":"https:\/\/laboratoriobiomimetico.com\/en\/privacidad\/","og_site_name":"Laboratorio Biomim\u00e9tico","article_modified_time":"2026-01-28T10:28:13+00:00","twitter_card":"summary_large_image","twitter_misc":{"Estimated reading time":"9 minutes"},"schema":{"@context":"https:\/\/schema.org","@graph":[{"@type":"WebSite","@id":"https:\/\/laboratoriobiomimetico.com\/#website","url":"https:\/\/laboratoriobiomimetico.com\/","name":"Laboratory Biomimetic","description":"Innovaci\u00f3n inspirada por la Naturaleza. Formaci\u00f3n, consultor\u00eda y desarrollo de proyectos bioinspirados.","potentialAction":[{"@type":"SearchAction","target":{"@type":"EntryPoint","urlTemplate":"https:\/\/laboratoriobiomimetico.com\/?s={search_term_string}"},"query-input":"required name=search_term_string"}],"inLanguage":"en-GB"},{"@type":"WebPage","@id":"https:\/\/laboratoriobiomimetico.com\/privacidad\/#webpage","url":"https:\/\/laboratoriobiomimetico.com\/privacidad\/","name":"Privacidad - Laboratorio Biomim\u00e9tico","isPartOf":{"@id":"https:\/\/laboratoriobiomimetico.com\/#website"},"datePublished":"2020-03-22T10:31:46+00:00","dateModified":"2026-01-28T10:28:13+00:00","breadcrumb":{"@id":"https:\/\/laboratoriobiomimetico.com\/privacidad\/#breadcrumb"},"inLanguage":"en-GB","potentialAction":[{"@type":"ReadAction","target":["https:\/\/laboratoriobiomimetico.com\/privacidad\/"]}]},{"@type":"BreadcrumbList","@id":"https:\/\/laboratoriobiomimetico.com\/privacidad\/#breadcrumb","itemListElement":[{"@type":"ListItem","position":1,"name":"Portada","item":"https:\/\/laboratoriobiomimetico.com\/"},{"@type":"ListItem","position":2,"name":"Privacidad"}]}]}},"_links":{"self":[{"href":"https:\/\/laboratoriobiomimetico.com\/en\/wp-json\/wp\/v2\/pages\/3"}],"collection":[{"href":"https:\/\/laboratoriobiomimetico.com\/en\/wp-json\/wp\/v2\/pages"}],"about":[{"href":"https:\/\/laboratoriobiomimetico.com\/en\/wp-json\/wp\/v2\/types\/page"}],"author":[{"embeddable":true,"href":"https:\/\/laboratoriobiomimetico.com\/en\/wp-json\/wp\/v2\/users\/2"}],"replies":[{"embeddable":true,"href":"https:\/\/laboratoriobiomimetico.com\/en\/wp-json\/wp\/v2\/comments?post=3"}],"version-history":[{"count":12,"href":"https:\/\/laboratoriobiomimetico.com\/en\/wp-json\/wp\/v2\/pages\/3\/revisions"}],"predecessor-version":[{"id":7815,"href":"https:\/\/laboratoriobiomimetico.com\/en\/wp-json\/wp\/v2\/pages\/3\/revisions\/7815"}],"wp:attachment":[{"href":"https:\/\/laboratoriobiomimetico.com\/en\/wp-json\/wp\/v2\/media?parent=3"}],"curies":[{"name":"wp","href":"https:\/\/api.w.org\/{rel}","templated":true}]}}